{"id":924,"date":"2023-02-02T15:17:40","date_gmt":"2023-02-02T18:17:40","guid":{"rendered":"http:\/\/menendez.ar\/?page_id=924"},"modified":"2023-02-03T12:04:40","modified_gmt":"2023-02-03T15:04:40","slug":"novella-barbara-y-menendez-jose","status":"publish","type":"page","link":"http:\/\/menendez.ar\/index.php\/las-generaciones\/generacion-1840\/novella-barbara-y-menendez-jose\/","title":{"rendered":"Novella B\u00e1rbara y Men\u00e9ndez Jos\u00e9"},"content":{"rendered":"\n<p>Viv\u00edan en Zaragoza alrededor o antes de 1850 y hasta los 1880. Ambos se casan y tienen 5 hijos, Jos\u00e9, Julio Ces\u00e1reo, B\u00e1rbara, Esperanza y \u00c1ngel. <\/p>\n\n\n\n<p>El matrimonio y sus hijos se dedican a la imprenta &#8211; libros y afines, en especial Julio y \u00c1ngel. <\/p>\n\n\n\n<p>Su hijo Jos\u00e9 decide trasladarse a C\u00f3rdoba, Argentina, donde se desarrolla como periodista y convence  a sus padres e hijos y a otras tres familias amigas, que dejen Zaragoza y se instalen tambi\u00e9n en C\u00f3rdoba. Cuando llegan a C\u00f3rdoba, alquilaron en el inicio de la calle Santa Rosa, una propiedad con tres viviendas, de lo cual surge la pareja de Julio Men\u00e9ndez Novella e Isabel Lapera en 1891. Luego se trasladan con sus hijos a Buenos Aires, para proseguir con la actividad de libreros en la calle Santiago del Estereo al 300 o 400. Con el tiempo Jos\u00e9 Men\u00e9nde Novella y su hermana Esperanza, se instalan en un departamento en la calle Alsina al 700. Cierran el negocio por dificultades econ\u00f3micas.<\/p>\n\n\n\n<p><\/p>\n\n\n\n<p><\/p>\n\n\n\n<p> <\/p>\n","protected":false},"excerpt":{"rendered":"<p>Viv\u00edan en Zaragoza alrededor o antes de 1850 y hasta los 1880. Ambos se casan y tienen 5 hijos, Jos\u00e9, Julio Ces\u00e1reo, B\u00e1rbara, Esperanza y \u00c1ngel. El matrimonio y sus hijos se dedican a la imprenta &#8211; libros y afines, en especial Julio y \u00c1ngel. Su hijo Jos\u00e9 decide trasladarse a C\u00f3rdoba, Argentina, donde se [&hellip;]<\/p>\n","protected":false},"author":1,"featured_media":0,"parent":944,"menu_order":0,"comment_status":"closed","ping_status":"closed","template":"","meta":{"footnotes":""},"class_list":["post-924","page","type-page","status-publish","hentry"],"aioseo_notices":[],"_links":{"self":[{"href":"http:\/\/menendez.ar\/index.php\/wp-json\/wp\/v2\/pages\/924","targetHints":{"allow":["GET"]}}],"collection":[{"href":"http:\/\/menendez.ar\/index.php\/wp-json\/wp\/v2\/pages"}],"about":[{"href":"http:\/\/menendez.ar\/index.php\/wp-json\/wp\/v2\/types\/page"}],"author":[{"embeddable":true,"href":"http:\/\/menendez.ar\/index.php\/wp-json\/wp\/v2\/users\/1"}],"replies":[{"embeddable":true,"href":"http:\/\/menendez.ar\/index.php\/wp-json\/wp\/v2\/comments?post=924"}],"version-history":[{"count":7,"href":"http:\/\/menendez.ar\/index.php\/wp-json\/wp\/v2\/pages\/924\/revisions"}],"predecessor-version":[{"id":986,"href":"http:\/\/menendez.ar\/index.php\/wp-json\/wp\/v2\/pages\/924\/revisions\/986"}],"up":[{"embeddable":true,"href":"http:\/\/menendez.ar\/index.php\/wp-json\/wp\/v2\/pages\/944"}],"wp:attachment":[{"href":"http:\/\/menendez.ar\/index.php\/wp-json\/wp\/v2\/media?parent=924"}],"curies":[{"name":"wp","href":"https:\/\/api.w.org\/{rel}","templated":true}]}}