{"id":922,"date":"2023-02-02T14:39:38","date_gmt":"2023-02-02T17:39:38","guid":{"rendered":"http:\/\/menendez.ar\/?page_id=922"},"modified":"2023-02-03T12:08:08","modified_gmt":"2023-02-03T15:08:08","slug":"menendez-novella-angel","status":"publish","type":"page","link":"http:\/\/menendez.ar\/index.php\/las-generaciones\/gereracion-1900\/menendez-novella-angel\/","title":{"rendered":"Men\u00e9ndez Novella Angel"},"content":{"rendered":"\n<p>\u00c1ngel, que llega a C\u00f3rdoba procedente de Zaragoza, Espa\u00f1a, de vida bohemia, \u00abde serenata en serenata\u00bb en palabras de su sobrino nieto Julio MG (Joito), finalmente conoce a una criolla y se casan. <\/p>\n","protected":false},"excerpt":{"rendered":"<p>\u00c1ngel, que llega a C\u00f3rdoba procedente de Zaragoza, Espa\u00f1a, de vida bohemia, \u00abde serenata en serenata\u00bb en palabras de su sobrino nieto Julio MG (Joito), finalmente conoce a una criolla y se casan.<\/p>\n","protected":false},"author":1,"featured_media":0,"parent":23,"menu_order":0,"comment_status":"closed","ping_status":"closed","template":"","meta":{"footnotes":""},"class_list":["post-922","page","type-page","status-publish","hentry"],"aioseo_notices":[],"_links":{"self":[{"href":"http:\/\/menendez.ar\/index.php\/wp-json\/wp\/v2\/pages\/922","targetHints":{"allow":["GET"]}}],"collection":[{"href":"http:\/\/menendez.ar\/index.php\/wp-json\/wp\/v2\/pages"}],"about":[{"href":"http:\/\/menendez.ar\/index.php\/wp-json\/wp\/v2\/types\/page"}],"author":[{"embeddable":true,"href":"http:\/\/menendez.ar\/index.php\/wp-json\/wp\/v2\/users\/1"}],"replies":[{"embeddable":true,"href":"http:\/\/menendez.ar\/index.php\/wp-json\/wp\/v2\/comments?post=922"}],"version-history":[{"count":3,"href":"http:\/\/menendez.ar\/index.php\/wp-json\/wp\/v2\/pages\/922\/revisions"}],"predecessor-version":[{"id":988,"href":"http:\/\/menendez.ar\/index.php\/wp-json\/wp\/v2\/pages\/922\/revisions\/988"}],"up":[{"embeddable":true,"href":"http:\/\/menendez.ar\/index.php\/wp-json\/wp\/v2\/pages\/23"}],"wp:attachment":[{"href":"http:\/\/menendez.ar\/index.php\/wp-json\/wp\/v2\/media?parent=922"}],"curies":[{"name":"wp","href":"https:\/\/api.w.org\/{rel}","templated":true}]}}