{"id":920,"date":"2023-02-02T14:38:48","date_gmt":"2023-02-02T17:38:48","guid":{"rendered":"http:\/\/menendez.ar\/?page_id=920"},"modified":"2023-02-03T12:09:12","modified_gmt":"2023-02-03T15:09:12","slug":"esperanza-maria-menendez-novella","status":"publish","type":"page","link":"http:\/\/menendez.ar\/index.php\/las-generaciones\/gereracion-1900\/esperanza-maria-menendez-novella\/","title":{"rendered":"Men\u00e9ndez Novella Esperanza Mar\u00eda"},"content":{"rendered":"\n<p>Nacida en Zaragoza, se traslada con padres y hermanos a la Argentina. Se instalan en C\u00f3rdoba &#8230; <\/p>\n\n\n\n<p>Soltera, se muda junto a Jos\u00e9 Men\u00e9ndez Novella a una propiedad en la calle Alsina al 700 en Buenos Aires.<\/p>\n\n\n\n<p><\/p>\n\n\n\n<hr class=\"wp-block-separator has-alpha-channel-opacity\"\/>\n","protected":false},"excerpt":{"rendered":"<p>Nacida en Zaragoza, se traslada con padres y hermanos a la Argentina. Se instalan en C\u00f3rdoba &#8230; Soltera, se muda junto a Jos\u00e9 Men\u00e9ndez Novella a una propiedad en la calle Alsina al 700 en Buenos Aires.<\/p>\n","protected":false},"author":1,"featured_media":0,"parent":23,"menu_order":0,"comment_status":"closed","ping_status":"closed","template":"","meta":{"footnotes":""},"class_list":["post-920","page","type-page","status-publish","hentry"],"aioseo_notices":[],"_links":{"self":[{"href":"http:\/\/menendez.ar\/index.php\/wp-json\/wp\/v2\/pages\/920","targetHints":{"allow":["GET"]}}],"collection":[{"href":"http:\/\/menendez.ar\/index.php\/wp-json\/wp\/v2\/pages"}],"about":[{"href":"http:\/\/menendez.ar\/index.php\/wp-json\/wp\/v2\/types\/page"}],"author":[{"embeddable":true,"href":"http:\/\/menendez.ar\/index.php\/wp-json\/wp\/v2\/users\/1"}],"replies":[{"embeddable":true,"href":"http:\/\/menendez.ar\/index.php\/wp-json\/wp\/v2\/comments?post=920"}],"version-history":[{"count":4,"href":"http:\/\/menendez.ar\/index.php\/wp-json\/wp\/v2\/pages\/920\/revisions"}],"predecessor-version":[{"id":990,"href":"http:\/\/menendez.ar\/index.php\/wp-json\/wp\/v2\/pages\/920\/revisions\/990"}],"up":[{"embeddable":true,"href":"http:\/\/menendez.ar\/index.php\/wp-json\/wp\/v2\/pages\/23"}],"wp:attachment":[{"href":"http:\/\/menendez.ar\/index.php\/wp-json\/wp\/v2\/media?parent=920"}],"curies":[{"name":"wp","href":"https:\/\/api.w.org\/{rel}","templated":true}]}}