{"id":138,"date":"2022-07-18T21:03:35","date_gmt":"2022-07-19T00:03:35","guid":{"rendered":"http:\/\/menendez.ar\/?page_id=138"},"modified":"2023-02-03T12:10:35","modified_gmt":"2023-02-03T15:10:35","slug":"menendez-novella-julio-cesareo","status":"publish","type":"page","link":"http:\/\/menendez.ar\/index.php\/las-generaciones\/gereracion-1900\/menendez-novella-julio-cesareo\/","title":{"rendered":"Men\u00e9ndez Novella Julio Ces\u00e1reo"},"content":{"rendered":"\n<p>de lo cual surge la pareja de Julio Men\u00e9ndez Novella que se casa con Isabel Lapera en 1891.<\/p>\n\n\n\n<p>Tiene Jos\u00e9 Men\u00e9ndez Novella con Isabel Lapera 8 hijos varones, el primero Rafael que muere al nacer, Ernesto, Julio, Fernando, Manuel, Antonio Jos\u00e9, Enrique, Rafael Cesareo; desde C\u00f3rdoba se trasladan a Buenos Aires, donde ponen una impreta en la calle Santiago de Estero al 300\/400 y viven en la calle Victoria 1311 en una casa con 7 habitaciones.<\/p>\n\n\n\n<p><\/p>\n\n\n<div class=\"wp-block-image\">\n<figure class=\"aligncenter size-full is-resized\"><img loading=\"lazy\" decoding=\"async\" src=\"http:\/\/menendez.ar\/wp-content\/uploads\/2022\/07\/isabel_lapera_t2.jpg\" alt=\"\" class=\"wp-image-378\" width=\"290\" height=\"290\"\/><figcaption class=\"wp-element-caption\">Isabel Lapera<\/figcaption><\/figure>\n<\/div>","protected":false},"excerpt":{"rendered":"<p>de lo cual surge la pareja de Julio Men\u00e9ndez Novella que se casa con Isabel Lapera en 1891. Tiene Jos\u00e9 Men\u00e9ndez Novella con Isabel Lapera 8 hijos varones, el primero Rafael que muere al nacer, Ernesto, Julio, Fernando, Manuel, Antonio Jos\u00e9, Enrique, Rafael Cesareo; desde C\u00f3rdoba se trasladan a Buenos Aires, donde ponen una impreta [&hellip;]<\/p>\n","protected":false},"author":1,"featured_media":0,"parent":23,"menu_order":0,"comment_status":"closed","ping_status":"closed","template":"","meta":{"footnotes":""},"class_list":["post-138","page","type-page","status-publish","hentry"],"aioseo_notices":[],"_links":{"self":[{"href":"http:\/\/menendez.ar\/index.php\/wp-json\/wp\/v2\/pages\/138","targetHints":{"allow":["GET"]}}],"collection":[{"href":"http:\/\/menendez.ar\/index.php\/wp-json\/wp\/v2\/pages"}],"about":[{"href":"http:\/\/menendez.ar\/index.php\/wp-json\/wp\/v2\/types\/page"}],"author":[{"embeddable":true,"href":"http:\/\/menendez.ar\/index.php\/wp-json\/wp\/v2\/users\/1"}],"replies":[{"embeddable":true,"href":"http:\/\/menendez.ar\/index.php\/wp-json\/wp\/v2\/comments?post=138"}],"version-history":[{"count":6,"href":"http:\/\/menendez.ar\/index.php\/wp-json\/wp\/v2\/pages\/138\/revisions"}],"predecessor-version":[{"id":992,"href":"http:\/\/menendez.ar\/index.php\/wp-json\/wp\/v2\/pages\/138\/revisions\/992"}],"up":[{"embeddable":true,"href":"http:\/\/menendez.ar\/index.php\/wp-json\/wp\/v2\/pages\/23"}],"wp:attachment":[{"href":"http:\/\/menendez.ar\/index.php\/wp-json\/wp\/v2\/media?parent=138"}],"curies":[{"name":"wp","href":"https:\/\/api.w.org\/{rel}","templated":true}]}}