{"id":104,"date":"2022-05-24T16:16:12","date_gmt":"2022-05-24T19:16:12","guid":{"rendered":"http:\/\/menendez.ar\/?page_id=104"},"modified":"2023-02-02T16:38:03","modified_gmt":"2023-02-02T19:38:03","slug":"sus-descendientes","status":"publish","type":"page","link":"http:\/\/menendez.ar\/index.php\/las-generaciones\/gereracion-1900\/sus-descendientes\/","title":{"rendered":"Sus descendientes"},"content":{"rendered":"\n<h2 class=\"wp-block-heading\"><strong>La de Julio Men\u00e9ndez Lapera<\/strong><\/h2>\n\n\n<div class=\"wp-block-image\">\n<figure class=\"aligncenter size-large is-resized\"><img loading=\"lazy\" decoding=\"async\" src=\"http:\/\/menendez.ar\/wp-content\/uploads\/2022\/05\/flia-menendez-Julio-Menendez-Gimenez-22-05-23-2-493x1024.png\" alt=\"\" class=\"wp-image-109\" width=\"757\" height=\"1572\" srcset=\"http:\/\/menendez.ar\/wp-content\/uploads\/2022\/05\/flia-menendez-Julio-Menendez-Gimenez-22-05-23-2-493x1024.png 493w, http:\/\/menendez.ar\/wp-content\/uploads\/2022\/05\/flia-menendez-Julio-Menendez-Gimenez-22-05-23-2-144x300.png 144w, http:\/\/menendez.ar\/wp-content\/uploads\/2022\/05\/flia-menendez-Julio-Menendez-Gimenez-22-05-23-2-768x1596.png 768w, http:\/\/menendez.ar\/wp-content\/uploads\/2022\/05\/flia-menendez-Julio-Menendez-Gimenez-22-05-23-2-739x1536.png 739w, http:\/\/menendez.ar\/wp-content\/uploads\/2022\/05\/flia-menendez-Julio-Menendez-Gimenez-22-05-23-2-986x2048.png 986w, http:\/\/menendez.ar\/wp-content\/uploads\/2022\/05\/flia-menendez-Julio-Menendez-Gimenez-22-05-23-2.png 1002w\" sizes=\"auto, (max-width: 757px) 100vw, 757px\" \/><figcaption class=\"wp-element-caption\"><strong>Descendientes de Julio Men\u00e9ndez Lapera y Trinidad Gimenez<\/strong><\/figcaption><\/figure>\n<\/div>\n\n\n<hr class=\"wp-block-separator has-css-opacity\"\/>\n\n\n\n<h2 class=\"wp-block-heading\">La de Antonio Jos\u00e9 Men\u00e9ndez y Mar\u00eda Emilia Salanova<\/h2>\n\n\n<div class=\"wp-block-image\">\n<figure class=\"aligncenter size-large\"><img loading=\"lazy\" decoding=\"async\" width=\"727\" height=\"1024\" src=\"http:\/\/menendez.ar\/wp-content\/uploads\/2022\/05\/flia-menendez-Antonio-Jose-Menendez-220523-727x1024.png\" alt=\"\" class=\"wp-image-106\" srcset=\"http:\/\/menendez.ar\/wp-content\/uploads\/2022\/05\/flia-menendez-Antonio-Jose-Menendez-220523-727x1024.png 727w, http:\/\/menendez.ar\/wp-content\/uploads\/2022\/05\/flia-menendez-Antonio-Jose-Menendez-220523-213x300.png 213w, http:\/\/menendez.ar\/wp-content\/uploads\/2022\/05\/flia-menendez-Antonio-Jose-Menendez-220523-768x1081.png 768w, http:\/\/menendez.ar\/wp-content\/uploads\/2022\/05\/flia-menendez-Antonio-Jose-Menendez-220523.png 1050w\" sizes=\"auto, (max-width: 727px) 100vw, 727px\" \/><figcaption class=\"wp-element-caption\"><strong>Descendencia de Antonio Jos\u00e9 Men\u00e9ndez y Mar\u00eda Emilia Salanova<\/strong><\/figcaption><\/figure>\n<\/div>\n\n\n<hr class=\"wp-block-separator has-css-opacity\"\/>\n\n\n\n<h2 class=\"wp-block-heading\">Descendencia de Salustiano Enrique Men\u00e9ndez y Ana Mur\u00faa<\/h2>\n\n\n<div class=\"wp-block-image\">\n<figure class=\"aligncenter size-large\"><img loading=\"lazy\" decoding=\"async\" width=\"1024\" height=\"651\" src=\"http:\/\/menendez.ar\/wp-content\/uploads\/2022\/05\/flia-menendez-salustiano-Menendez-220523-1024x651.png\" alt=\"\" class=\"wp-image-107\" srcset=\"http:\/\/menendez.ar\/wp-content\/uploads\/2022\/05\/flia-menendez-salustiano-Menendez-220523-1024x651.png 1024w, http:\/\/menendez.ar\/wp-content\/uploads\/2022\/05\/flia-menendez-salustiano-Menendez-220523-300x191.png 300w, http:\/\/menendez.ar\/wp-content\/uploads\/2022\/05\/flia-menendez-salustiano-Menendez-220523-768x489.png 768w, http:\/\/menendez.ar\/wp-content\/uploads\/2022\/05\/flia-menendez-salustiano-Menendez-220523.png 1050w\" sizes=\"auto, (max-width: 1024px) 100vw, 1024px\" \/><figcaption class=\"wp-element-caption\"><strong>Descendientes de Salustiano Enrique Men\u00e9ndez y Ana Mur\u00faa<\/strong><\/figcaption><\/figure>\n<\/div>\n\n\n<hr class=\"wp-block-separator has-css-opacity\"\/>\n\n\n\n<h2 class=\"wp-block-heading\">Descendientes de Rafael Cesar Men\u00e9ndez y Luz Mart\u00ednez <\/h2>\n\n\n<div class=\"wp-block-image\">\n<figure class=\"aligncenter size-large\"><img loading=\"lazy\" decoding=\"async\" width=\"1024\" height=\"714\" src=\"http:\/\/menendez.ar\/wp-content\/uploads\/2022\/05\/flia-menendez-Rafael-Menendez-220523-1024x714.png\" alt=\"\" class=\"wp-image-108\" srcset=\"http:\/\/menendez.ar\/wp-content\/uploads\/2022\/05\/flia-menendez-Rafael-Menendez-220523-1024x714.png 1024w, http:\/\/menendez.ar\/wp-content\/uploads\/2022\/05\/flia-menendez-Rafael-Menendez-220523-300x209.png 300w, http:\/\/menendez.ar\/wp-content\/uploads\/2022\/05\/flia-menendez-Rafael-Menendez-220523-768x535.png 768w, http:\/\/menendez.ar\/wp-content\/uploads\/2022\/05\/flia-menendez-Rafael-Menendez-220523.png 1050w\" sizes=\"auto, (max-width: 1024px) 100vw, 1024px\" \/><figcaption class=\"wp-element-caption\"><strong>Descendientes de Rafael Cesar Men\u00e9ndez y Luz Mart\u00ednez<\/strong> <\/figcaption><\/figure>\n<\/div>\n\n\n<hr class=\"wp-block-separator has-css-opacity\"\/>\n","protected":false},"excerpt":{"rendered":"<p>La de Julio Men\u00e9ndez Lapera La de Antonio Jos\u00e9 Men\u00e9ndez y Mar\u00eda Emilia Salanova Descendencia de Salustiano Enrique Men\u00e9ndez y Ana Mur\u00faa Descendientes de Rafael Cesar Men\u00e9ndez y Luz Mart\u00ednez<\/p>\n","protected":false},"author":1,"featured_media":0,"parent":23,"menu_order":0,"comment_status":"closed","ping_status":"closed","template":"","meta":{"footnotes":""},"class_list":["post-104","page","type-page","status-publish","hentry"],"aioseo_notices":[],"_links":{"self":[{"href":"http:\/\/menendez.ar\/index.php\/wp-json\/wp\/v2\/pages\/104","targetHints":{"allow":["GET"]}}],"collection":[{"href":"http:\/\/menendez.ar\/index.php\/wp-json\/wp\/v2\/pages"}],"about":[{"href":"http:\/\/menendez.ar\/index.php\/wp-json\/wp\/v2\/types\/page"}],"author":[{"embeddable":true,"href":"http:\/\/menendez.ar\/index.php\/wp-json\/wp\/v2\/users\/1"}],"replies":[{"embeddable":true,"href":"http:\/\/menendez.ar\/index.php\/wp-json\/wp\/v2\/comments?post=104"}],"version-history":[{"count":4,"href":"http:\/\/menendez.ar\/index.php\/wp-json\/wp\/v2\/pages\/104\/revisions"}],"predecessor-version":[{"id":881,"href":"http:\/\/menendez.ar\/index.php\/wp-json\/wp\/v2\/pages\/104\/revisions\/881"}],"up":[{"embeddable":true,"href":"http:\/\/menendez.ar\/index.php\/wp-json\/wp\/v2\/pages\/23"}],"wp:attachment":[{"href":"http:\/\/menendez.ar\/index.php\/wp-json\/wp\/v2\/media?parent=104"}],"curies":[{"name":"wp","href":"https:\/\/api.w.org\/{rel}","templated":true}]}}