{"id":1000,"date":"2023-02-03T21:58:59","date_gmt":"2023-02-04T00:58:59","guid":{"rendered":"http:\/\/menendez.ar\/?page_id=1000"},"modified":"2023-02-04T15:29:36","modified_gmt":"2023-02-04T18:29:36","slug":"menendez-lapera-fernando","status":"publish","type":"page","link":"http:\/\/menendez.ar\/index.php\/las-generaciones\/generacion-de-1900\/menendez-lapera-fernando\/","title":{"rendered":"Men\u00e9ndez Lapera Fernando:"},"content":{"rendered":"\n<p>Naci\u00f3 el 26 de noviembre de 1895 en la ciudad de C\u00f3rdoba, y falleci\u00f3 en un accidente de aviaci\u00f3n el 26 de agosto de 1928 en Castelar, Pvcia de Buenos Aires.<\/p>\n\n\n\n<hr class=\"wp-block-separator has-alpha-channel-opacity\"\/>\n\n\n\n<p><strong>Versos de Amor<\/strong>:<\/p>\n\n\n\n<p>\u00abA Laura Val\u00bb.  1916-12-3.<\/p>\n\n\n\n<figure class=\"wp-block-gallery has-nested-images columns-default is-cropped wp-block-gallery-1 is-layout-flex wp-block-gallery-is-layout-flex\">\n<figure class=\"wp-block-image size-large\"><img loading=\"lazy\" decoding=\"async\" width=\"768\" height=\"1024\" data-id=\"1054\" src=\"http:\/\/menendez.ar\/wp-content\/uploads\/2023\/02\/MLF-versos-a-laura-val-19161203-1-768x1024.jpg\" alt=\"\" class=\"wp-image-1054\" srcset=\"http:\/\/menendez.ar\/wp-content\/uploads\/2023\/02\/MLF-versos-a-laura-val-19161203-1-768x1024.jpg 768w, http:\/\/menendez.ar\/wp-content\/uploads\/2023\/02\/MLF-versos-a-laura-val-19161203-1-225x300.jpg 225w, http:\/\/menendez.ar\/wp-content\/uploads\/2023\/02\/MLF-versos-a-laura-val-19161203-1-1152x1536.jpg 1152w, http:\/\/menendez.ar\/wp-content\/uploads\/2023\/02\/MLF-versos-a-laura-val-19161203-1-rotated.jpg 1200w\" sizes=\"auto, (max-width: 768px) 100vw, 768px\" \/><\/figure>\n\n\n\n<figure class=\"wp-block-image size-large\"><img loading=\"lazy\" decoding=\"async\" width=\"768\" height=\"1024\" data-id=\"1053\" src=\"http:\/\/menendez.ar\/wp-content\/uploads\/2023\/02\/MLF-versos-a-laura-val-19161203-2-768x1024.jpg\" alt=\"\" class=\"wp-image-1053\" srcset=\"http:\/\/menendez.ar\/wp-content\/uploads\/2023\/02\/MLF-versos-a-laura-val-19161203-2-768x1024.jpg 768w, http:\/\/menendez.ar\/wp-content\/uploads\/2023\/02\/MLF-versos-a-laura-val-19161203-2-225x300.jpg 225w, http:\/\/menendez.ar\/wp-content\/uploads\/2023\/02\/MLF-versos-a-laura-val-19161203-2-1152x1536.jpg 1152w, http:\/\/menendez.ar\/wp-content\/uploads\/2023\/02\/MLF-versos-a-laura-val-19161203-2-rotated.jpg 1200w\" sizes=\"auto, (max-width: 768px) 100vw, 768px\" \/><\/figure>\n<\/figure>\n\n\n\n<hr class=\"wp-block-separator has-alpha-channel-opacity\"\/>\n\n\n\n<p><\/p>\n\n\n\n<figure class=\"wp-block-image size-large\"><img loading=\"lazy\" decoding=\"async\" width=\"768\" height=\"1024\" src=\"http:\/\/menendez.ar\/wp-content\/uploads\/2023\/02\/MLF-10-768x1024.jpg\" alt=\"\" class=\"wp-image-1046\" srcset=\"http:\/\/menendez.ar\/wp-content\/uploads\/2023\/02\/MLF-10-768x1024.jpg 768w, http:\/\/menendez.ar\/wp-content\/uploads\/2023\/02\/MLF-10-225x300.jpg 225w, http:\/\/menendez.ar\/wp-content\/uploads\/2023\/02\/MLF-10-1152x1536.jpg 1152w, http:\/\/menendez.ar\/wp-content\/uploads\/2023\/02\/MLF-10-rotated.jpg 1200w\" sizes=\"auto, (max-width: 768px) 100vw, 768px\" \/><\/figure>\n\n\n\n<hr class=\"wp-block-separator has-alpha-channel-opacity\"\/>\n\n\n\n<p><strong>CRITICA. Diario.<\/strong><\/p>\n\n\n\n<figure class=\"wp-block-gallery has-nested-images columns-default is-cropped wp-block-gallery-2 is-layout-flex wp-block-gallery-is-layout-flex\">\n<figure class=\"wp-block-image size-large\"><img loading=\"lazy\" decoding=\"async\" width=\"768\" height=\"1024\" data-id=\"1031\" src=\"http:\/\/menendez.ar\/wp-content\/uploads\/2023\/02\/MLF-Critica-19280826-768x1024.jpg\" alt=\"\" class=\"wp-image-1031\" srcset=\"http:\/\/menendez.ar\/wp-content\/uploads\/2023\/02\/MLF-Critica-19280826-768x1024.jpg 768w, http:\/\/menendez.ar\/wp-content\/uploads\/2023\/02\/MLF-Critica-19280826-225x300.jpg 225w, http:\/\/menendez.ar\/wp-content\/uploads\/2023\/02\/MLF-Critica-19280826-1152x1536.jpg 1152w, http:\/\/menendez.ar\/wp-content\/uploads\/2023\/02\/MLF-Critica-19280826-rotated.jpg 1200w\" sizes=\"auto, (max-width: 768px) 100vw, 768px\" \/><\/figure>\n<\/figure>\n\n\n\n<hr class=\"wp-block-separator has-alpha-channel-opacity\"\/>\n\n\n\n<p><strong>LA RAZON.<\/strong><\/p>\n\n\n\n<figure class=\"wp-block-gallery has-nested-images columns-default is-cropped wp-block-gallery-3 is-layout-flex wp-block-gallery-is-layout-flex\">\n<figure class=\"wp-block-image size-large\"><img loading=\"lazy\" decoding=\"async\" width=\"768\" height=\"1024\" data-id=\"1032\" src=\"http:\/\/menendez.ar\/wp-content\/uploads\/2023\/02\/MLF-La-Razon-19280826-p1-768x1024.jpg\" alt=\"\" class=\"wp-image-1032\" srcset=\"http:\/\/menendez.ar\/wp-content\/uploads\/2023\/02\/MLF-La-Razon-19280826-p1-768x1024.jpg 768w, http:\/\/menendez.ar\/wp-content\/uploads\/2023\/02\/MLF-La-Razon-19280826-p1-225x300.jpg 225w, http:\/\/menendez.ar\/wp-content\/uploads\/2023\/02\/MLF-La-Razon-19280826-p1-1152x1536.jpg 1152w, http:\/\/menendez.ar\/wp-content\/uploads\/2023\/02\/MLF-La-Razon-19280826-p1.jpg 1200w\" sizes=\"auto, (max-width: 768px) 100vw, 768px\" \/><\/figure>\n<\/figure>\n\n\n\n<figure class=\"wp-block-image size-large\"><img loading=\"lazy\" decoding=\"async\" width=\"768\" height=\"1024\" src=\"http:\/\/menendez.ar\/wp-content\/uploads\/2023\/02\/MLF-La-Razon-1928-p16-768x1024.jpg\" alt=\"\" class=\"wp-image-1033\" srcset=\"http:\/\/menendez.ar\/wp-content\/uploads\/2023\/02\/MLF-La-Razon-1928-p16-768x1024.jpg 768w, http:\/\/menendez.ar\/wp-content\/uploads\/2023\/02\/MLF-La-Razon-1928-p16-225x300.jpg 225w, http:\/\/menendez.ar\/wp-content\/uploads\/2023\/02\/MLF-La-Razon-1928-p16-1152x1536.jpg 1152w, http:\/\/menendez.ar\/wp-content\/uploads\/2023\/02\/MLF-La-Razon-1928-p16.jpg 1200w\" sizes=\"auto, (max-width: 768px) 100vw, 768px\" \/><\/figure>\n\n\n\n<hr class=\"wp-block-separator has-alpha-channel-opacity\"\/>\n\n\n\n<p><strong>LA NACION. Diario. <\/strong><\/p>\n\n\n\n<figure class=\"wp-block-gallery has-nested-images columns-default is-cropped wp-block-gallery-4 is-layout-flex wp-block-gallery-is-layout-flex\"><\/figure>\n\n\n\n<hr class=\"wp-block-separator has-alpha-channel-opacity\"\/>\n\n\n\n<p><strong>LA PRENSA. Diario.<\/strong><\/p>\n\n\n\n<hr class=\"wp-block-separator has-alpha-channel-opacity\"\/>\n\n\n\n<figure class=\"wp-block-gallery has-nested-images columns-default is-cropped wp-block-gallery-5 is-layout-flex wp-block-gallery-is-layout-flex\">\n<figure class=\"wp-block-image size-large\"><img loading=\"lazy\" decoding=\"async\" width=\"768\" height=\"1024\" data-id=\"1035\" src=\"http:\/\/menendez.ar\/wp-content\/uploads\/2023\/02\/MLF-1-768x1024.jpg\" alt=\"\" class=\"wp-image-1035\" srcset=\"http:\/\/menendez.ar\/wp-content\/uploads\/2023\/02\/MLF-1-768x1024.jpg 768w, http:\/\/menendez.ar\/wp-content\/uploads\/2023\/02\/MLF-1-225x300.jpg 225w, http:\/\/menendez.ar\/wp-content\/uploads\/2023\/02\/MLF-1-1152x1536.jpg 1152w, http:\/\/menendez.ar\/wp-content\/uploads\/2023\/02\/MLF-1.jpg 1200w\" sizes=\"auto, (max-width: 768px) 100vw, 768px\" \/><\/figure>\n\n\n\n<figure class=\"wp-block-image size-large\"><img loading=\"lazy\" decoding=\"async\" width=\"768\" height=\"1024\" data-id=\"1048\" src=\"http:\/\/menendez.ar\/wp-content\/uploads\/2023\/02\/MLF-12-768x1024.jpg\" alt=\"\" class=\"wp-image-1048\" srcset=\"http:\/\/menendez.ar\/wp-content\/uploads\/2023\/02\/MLF-12-768x1024.jpg 768w, http:\/\/menendez.ar\/wp-content\/uploads\/2023\/02\/MLF-12-225x300.jpg 225w, http:\/\/menendez.ar\/wp-content\/uploads\/2023\/02\/MLF-12-1152x1536.jpg 1152w, http:\/\/menendez.ar\/wp-content\/uploads\/2023\/02\/MLF-12.jpg 1200w\" sizes=\"auto, (max-width: 768px) 100vw, 768px\" \/><\/figure>\n<\/figure>\n\n\n\n<figure class=\"wp-block-gallery has-nested-images columns-default is-cropped wp-block-gallery-6 is-layout-flex wp-block-gallery-is-layout-flex\">\n<figure class=\"wp-block-image size-large\"><img loading=\"lazy\" decoding=\"async\" width=\"768\" height=\"1024\" data-id=\"1049\" src=\"http:\/\/menendez.ar\/wp-content\/uploads\/2023\/02\/MLF-11-1-768x1024.jpg\" alt=\"\" class=\"wp-image-1049\" srcset=\"http:\/\/menendez.ar\/wp-content\/uploads\/2023\/02\/MLF-11-1-768x1024.jpg 768w, http:\/\/menendez.ar\/wp-content\/uploads\/2023\/02\/MLF-11-1-225x300.jpg 225w, http:\/\/menendez.ar\/wp-content\/uploads\/2023\/02\/MLF-11-1-1152x1536.jpg 1152w, http:\/\/menendez.ar\/wp-content\/uploads\/2023\/02\/MLF-11-1.jpg 1200w\" sizes=\"auto, (max-width: 768px) 100vw, 768px\" \/><\/figure>\n\n\n\n<figure class=\"wp-block-image size-large\"><img loading=\"lazy\" decoding=\"async\" width=\"1024\" height=\"768\" data-id=\"1036\" src=\"http:\/\/menendez.ar\/wp-content\/uploads\/2023\/02\/MLF-2-1024x768.jpg\" alt=\"\" class=\"wp-image-1036\" srcset=\"http:\/\/menendez.ar\/wp-content\/uploads\/2023\/02\/MLF-2-1024x768.jpg 1024w, http:\/\/menendez.ar\/wp-content\/uploads\/2023\/02\/MLF-2-300x225.jpg 300w, http:\/\/menendez.ar\/wp-content\/uploads\/2023\/02\/MLF-2-768x576.jpg 768w, http:\/\/menendez.ar\/wp-content\/uploads\/2023\/02\/MLF-2-1536x1152.jpg 1536w, http:\/\/menendez.ar\/wp-content\/uploads\/2023\/02\/MLF-2-rotated.jpg 1600w\" sizes=\"auto, (max-width: 1024px) 100vw, 1024px\" \/><\/figure>\n<\/figure>\n\n\n\n<figure class=\"wp-block-gallery has-nested-images columns-default is-cropped wp-block-gallery-7 is-layout-flex wp-block-gallery-is-layout-flex\">\n<figure class=\"wp-block-image size-large\"><img loading=\"lazy\" decoding=\"async\" width=\"768\" height=\"1024\" data-id=\"1040\" src=\"http:\/\/menendez.ar\/wp-content\/uploads\/2023\/02\/MLF-4-1-768x1024.jpg\" alt=\"\" class=\"wp-image-1040\" srcset=\"http:\/\/menendez.ar\/wp-content\/uploads\/2023\/02\/MLF-4-1-768x1024.jpg 768w, http:\/\/menendez.ar\/wp-content\/uploads\/2023\/02\/MLF-4-1-225x300.jpg 225w, http:\/\/menendez.ar\/wp-content\/uploads\/2023\/02\/MLF-4-1-1152x1536.jpg 1152w, http:\/\/menendez.ar\/wp-content\/uploads\/2023\/02\/MLF-4-1.jpg 1200w\" sizes=\"auto, (max-width: 768px) 100vw, 768px\" \/><\/figure>\n\n\n\n<figure class=\"wp-block-image size-large\"><img loading=\"lazy\" decoding=\"async\" width=\"768\" height=\"1024\" data-id=\"1051\" src=\"http:\/\/menendez.ar\/wp-content\/uploads\/2023\/02\/MLF-13-768x1024.jpg\" alt=\"\" class=\"wp-image-1051\" srcset=\"http:\/\/menendez.ar\/wp-content\/uploads\/2023\/02\/MLF-13-768x1024.jpg 768w, http:\/\/menendez.ar\/wp-content\/uploads\/2023\/02\/MLF-13-225x300.jpg 225w, http:\/\/menendez.ar\/wp-content\/uploads\/2023\/02\/MLF-13-1152x1536.jpg 1152w, http:\/\/menendez.ar\/wp-content\/uploads\/2023\/02\/MLF-13.jpg 1200w\" sizes=\"auto, (max-width: 768px) 100vw, 768px\" \/><\/figure>\n<\/figure>\n\n\n\n<figure class=\"wp-block-gallery has-nested-images columns-default is-cropped wp-block-gallery-8 is-layout-flex wp-block-gallery-is-layout-flex\">\n<figure class=\"wp-block-image size-large\"><img loading=\"lazy\" decoding=\"async\" width=\"768\" height=\"1024\" data-id=\"1041\" src=\"http:\/\/menendez.ar\/wp-content\/uploads\/2023\/02\/MLF-5-1-768x1024.jpg\" alt=\"\" class=\"wp-image-1041\" srcset=\"http:\/\/menendez.ar\/wp-content\/uploads\/2023\/02\/MLF-5-1-768x1024.jpg 768w, http:\/\/menendez.ar\/wp-content\/uploads\/2023\/02\/MLF-5-1-225x300.jpg 225w, http:\/\/menendez.ar\/wp-content\/uploads\/2023\/02\/MLF-5-1-1152x1536.jpg 1152w, http:\/\/menendez.ar\/wp-content\/uploads\/2023\/02\/MLF-5-1.jpg 1200w\" sizes=\"auto, (max-width: 768px) 100vw, 768px\" \/><\/figure>\n\n\n\n<figure class=\"wp-block-image size-large\"><img loading=\"lazy\" decoding=\"async\" width=\"768\" height=\"1024\" data-id=\"1052\" src=\"http:\/\/menendez.ar\/wp-content\/uploads\/2023\/02\/MLF-14-768x1024.jpg\" alt=\"\" class=\"wp-image-1052\" srcset=\"http:\/\/menendez.ar\/wp-content\/uploads\/2023\/02\/MLF-14-768x1024.jpg 768w, http:\/\/menendez.ar\/wp-content\/uploads\/2023\/02\/MLF-14-225x300.jpg 225w, http:\/\/menendez.ar\/wp-content\/uploads\/2023\/02\/MLF-14-1152x1536.jpg 1152w, http:\/\/menendez.ar\/wp-content\/uploads\/2023\/02\/MLF-14.jpg 1200w\" sizes=\"auto, (max-width: 768px) 100vw, 768px\" \/><\/figure>\n<\/figure>\n\n\n\n<figure class=\"wp-block-gallery has-nested-images columns-default is-cropped wp-block-gallery-9 is-layout-flex wp-block-gallery-is-layout-flex\">\n<figure class=\"wp-block-image size-large\"><img loading=\"lazy\" decoding=\"async\" width=\"768\" height=\"1024\" data-id=\"1042\" src=\"http:\/\/menendez.ar\/wp-content\/uploads\/2023\/02\/MLF-6-768x1024.jpg\" alt=\"\" class=\"wp-image-1042\" srcset=\"http:\/\/menendez.ar\/wp-content\/uploads\/2023\/02\/MLF-6-768x1024.jpg 768w, http:\/\/menendez.ar\/wp-content\/uploads\/2023\/02\/MLF-6-225x300.jpg 225w, http:\/\/menendez.ar\/wp-content\/uploads\/2023\/02\/MLF-6-1152x1536.jpg 1152w, http:\/\/menendez.ar\/wp-content\/uploads\/2023\/02\/MLF-6.jpg 1200w\" sizes=\"auto, (max-width: 768px) 100vw, 768px\" \/><\/figure>\n\n\n\n<figure class=\"wp-block-image size-large\"><img loading=\"lazy\" decoding=\"async\" width=\"768\" height=\"1024\" data-id=\"1043\" src=\"http:\/\/menendez.ar\/wp-content\/uploads\/2023\/02\/MLF-7-768x1024.jpg\" alt=\"\" class=\"wp-image-1043\" srcset=\"http:\/\/menendez.ar\/wp-content\/uploads\/2023\/02\/MLF-7-768x1024.jpg 768w, http:\/\/menendez.ar\/wp-content\/uploads\/2023\/02\/MLF-7-225x300.jpg 225w, http:\/\/menendez.ar\/wp-content\/uploads\/2023\/02\/MLF-7-1152x1536.jpg 1152w, http:\/\/menendez.ar\/wp-content\/uploads\/2023\/02\/MLF-7-rotated.jpg 1200w\" sizes=\"auto, (max-width: 768px) 100vw, 768px\" \/><\/figure>\n\n\n\n<figure class=\"wp-block-image size-large\"><img loading=\"lazy\" decoding=\"async\" width=\"768\" height=\"1024\" data-id=\"1044\" src=\"http:\/\/menendez.ar\/wp-content\/uploads\/2023\/02\/MLF-8-768x1024.jpg\" alt=\"\" class=\"wp-image-1044\" srcset=\"http:\/\/menendez.ar\/wp-content\/uploads\/2023\/02\/MLF-8-768x1024.jpg 768w, http:\/\/menendez.ar\/wp-content\/uploads\/2023\/02\/MLF-8-225x300.jpg 225w, http:\/\/menendez.ar\/wp-content\/uploads\/2023\/02\/MLF-8-1152x1536.jpg 1152w, http:\/\/menendez.ar\/wp-content\/uploads\/2023\/02\/MLF-8.jpg 1200w\" sizes=\"auto, (max-width: 768px) 100vw, 768px\" \/><\/figure>\n<\/figure>\n\n\n\n<figure class=\"wp-block-gallery has-nested-images columns-default is-cropped wp-block-gallery-10 is-layout-flex wp-block-gallery-is-layout-flex\">\n<figure class=\"wp-block-image size-large\"><img loading=\"lazy\" decoding=\"async\" width=\"768\" height=\"1024\" data-id=\"1055\" src=\"http:\/\/menendez.ar\/wp-content\/uploads\/2023\/02\/MLF-12-2-768x1024.jpg\" alt=\"\" class=\"wp-image-1055\" srcset=\"http:\/\/menendez.ar\/wp-content\/uploads\/2023\/02\/MLF-12-2-768x1024.jpg 768w, http:\/\/menendez.ar\/wp-content\/uploads\/2023\/02\/MLF-12-2-225x300.jpg 225w, http:\/\/menendez.ar\/wp-content\/uploads\/2023\/02\/MLF-12-2-1152x1536.jpg 1152w, http:\/\/menendez.ar\/wp-content\/uploads\/2023\/02\/MLF-12-2.jpg 1200w\" sizes=\"auto, (max-width: 768px) 100vw, 768px\" \/><\/figure>\n\n\n\n<figure class=\"wp-block-image size-large\"><img loading=\"lazy\" decoding=\"async\" width=\"768\" height=\"1024\" data-id=\"1057\" src=\"http:\/\/menendez.ar\/wp-content\/uploads\/2023\/02\/MLF-9-1-768x1024.jpg\" alt=\"\" class=\"wp-image-1057\" srcset=\"http:\/\/menendez.ar\/wp-content\/uploads\/2023\/02\/MLF-9-1-768x1024.jpg 768w, http:\/\/menendez.ar\/wp-content\/uploads\/2023\/02\/MLF-9-1-225x300.jpg 225w, http:\/\/menendez.ar\/wp-content\/uploads\/2023\/02\/MLF-9-1-1152x1536.jpg 1152w, http:\/\/menendez.ar\/wp-content\/uploads\/2023\/02\/MLF-9-1.jpg 1200w\" sizes=\"auto, (max-width: 768px) 100vw, 768px\" \/><\/figure>\n<\/figure>\n\n\n\n<hr class=\"wp-block-separator has-alpha-channel-opacity\"\/>\n","protected":false},"excerpt":{"rendered":"<p>Naci\u00f3 el 26 de noviembre de 1895 en la ciudad de C\u00f3rdoba, y falleci\u00f3 en un accidente de aviaci\u00f3n el 26 de agosto de 1928 en Castelar, Pvcia de Buenos Aires. Versos de Amor: \u00abA Laura Val\u00bb. 1916-12-3. CRITICA. Diario. LA RAZON. LA NACION. Diario. LA PRENSA. Diario.<\/p>\n","protected":false},"author":1,"featured_media":0,"parent":960,"menu_order":0,"comment_status":"closed","ping_status":"closed","template":"","meta":{"footnotes":""},"class_list":["post-1000","page","type-page","status-publish","hentry"],"aioseo_notices":[],"_links":{"self":[{"href":"http:\/\/menendez.ar\/index.php\/wp-json\/wp\/v2\/pages\/1000","targetHints":{"allow":["GET"]}}],"collection":[{"href":"http:\/\/menendez.ar\/index.php\/wp-json\/wp\/v2\/pages"}],"about":[{"href":"http:\/\/menendez.ar\/index.php\/wp-json\/wp\/v2\/types\/page"}],"author":[{"embeddable":true,"href":"http:\/\/menendez.ar\/index.php\/wp-json\/wp\/v2\/users\/1"}],"replies":[{"embeddable":true,"href":"http:\/\/menendez.ar\/index.php\/wp-json\/wp\/v2\/comments?post=1000"}],"version-history":[{"count":3,"href":"http:\/\/menendez.ar\/index.php\/wp-json\/wp\/v2\/pages\/1000\/revisions"}],"predecessor-version":[{"id":1060,"href":"http:\/\/menendez.ar\/index.php\/wp-json\/wp\/v2\/pages\/1000\/revisions\/1060"}],"up":[{"embeddable":true,"href":"http:\/\/menendez.ar\/index.php\/wp-json\/wp\/v2\/pages\/960"}],"wp:attachment":[{"href":"http:\/\/menendez.ar\/index.php\/wp-json\/wp\/v2\/media?parent=1000"}],"curies":[{"name":"wp","href":"https:\/\/api.w.org\/{rel}","templated":true}]}}